{"id":4764,"date":"2026-03-30T08:35:47","date_gmt":"2026-03-30T06:35:47","guid":{"rendered":"https:\/\/pacanavarro.adrirodrigom8.es\/?page_id=4764"},"modified":"2026-03-30T08:37:10","modified_gmt":"2026-03-30T06:37:10","slug":"terminos-y-condiciones","status":"publish","type":"page","link":"https:\/\/pacanavarro.adrirodrigom8.es\/es\/terminos-y-condiciones\/","title":{"rendered":"T\u00e9rminos y condiciones"},"content":{"rendered":"\t\t<div data-elementor-type=\"wp-page\" data-elementor-id=\"4764\" class=\"elementor elementor-4764\" data-elementor-post-type=\"page\">\n\t\t\t\t<div class=\"elementor-element elementor-element-9154e39 e-flex e-con-boxed e-con e-parent\" data-id=\"9154e39\" data-element_type=\"container\" data-e-type=\"container\">\n\t\t\t\t\t<div class=\"e-con-inner\">\n\t\t\t\t<div class=\"elementor-element elementor-element-ff7eab8 elementor-widget elementor-widget-text-editor\" data-id=\"ff7eab8\" data-element_type=\"widget\" data-e-type=\"widget\" data-widget_type=\"text-editor.default\">\n\t\t\t\t\t\t\t\t\t<h1 data-section-id=\"1npjudq\" data-start=\"171\" data-end=\"209\">T\u00c9RMINOS Y CONDICIONES DE ALQUILER<\/h1><p data-start=\"210\" data-end=\"251\"><strong data-start=\"210\" data-end=\"251\">PACANAVARRO.COM\u00a0<\/strong><\/p><h2 data-section-id=\"55uvqt\" data-start=\"290\" data-end=\"322\">1. Identificaci\u00f3n del titular<\/h2><p data-start=\"324\" data-end=\"489\">En cumplimiento de la normativa vigente, se informa que el presente sitio web <strong data-start=\"402\" data-end=\"425\"><a class=\"decorated-link\" href=\"http:\/\/www.pacanavarro.com\" target=\"_new\" rel=\"noopener\" data-start=\"404\" data-end=\"423\">www.pacanavarro.com<\/a><\/strong> ofrece servicios de alquiler de pelucas bajo la titularidad de:<\/p><p data-start=\"491\" data-end=\"602\"><strong data-start=\"491\" data-end=\"512\">Nombre comercial:<\/strong> Paca Navarro<br data-start=\"525\" data-end=\"528\" \/><strong data-start=\"528\" data-end=\"541\">Tel\u00e9fono:<\/strong> 658 798 986<br data-start=\"553\" data-end=\"556\" \/><strong data-start=\"556\" data-end=\"579\">Correo electr\u00f3nico:<\/strong> <a class=\"decorated-link cursor-pointer\" rel=\"noopener\" data-start=\"580\" data-end=\"600\">pacamakeup@gmail.com<\/a><\/p><p data-start=\"604\" data-end=\"710\">Para cualquier consulta, tambi\u00e9n puedes contactar directamente mediante los datos indicados anteriormente.<\/p><hr data-start=\"712\" data-end=\"715\" \/><h2 data-section-id=\"1bg5zw3\" data-start=\"717\" data-end=\"742\">2. Objeto del servicio<\/h2><p data-start=\"744\" data-end=\"865\">El presente sitio web tiene como finalidad ofrecer el <strong data-start=\"798\" data-end=\"821\">alquiler de pelucas<\/strong> para uso personal, profesional o art\u00edstico.<\/p><p data-start=\"867\" data-end=\"972\">La realizaci\u00f3n de una reserva o alquiler implica la <strong data-start=\"919\" data-end=\"939\">aceptaci\u00f3n total<\/strong> de estos T\u00e9rminos y Condiciones.<\/p><hr data-start=\"974\" data-end=\"977\" \/><h2 data-section-id=\"1jhklrb\" data-start=\"979\" data-end=\"1004\">3. Productos y precios<\/h2><p data-start=\"1006\" data-end=\"1070\">Las pelucas disponibles para alquiler se muestran en la web con:<\/p><ul data-start=\"1072\" data-end=\"1197\"><li data-section-id=\"91ehv7\" data-start=\"1072\" data-end=\"1103\">Fotograf\u00edas representativas<\/li><li data-section-id=\"zvii8c\" data-start=\"1104\" data-end=\"1132\">Descripci\u00f3n del producto<\/li><li data-section-id=\"xb6ry4\" data-start=\"1133\" data-end=\"1156\">Precio del alquiler<\/li><li data-section-id=\"1opdymz\" data-start=\"1157\" data-end=\"1197\">Importe de la fianza correspondiente<\/li><\/ul><p data-start=\"1199\" data-end=\"1279\">El <strong data-start=\"1202\" data-end=\"1257\">precio del alquiler aparece indicado en cada peluca<\/strong> dentro del sitio web.<\/p><p data-start=\"1281\" data-end=\"1404\">Los precios podr\u00e1n ser modificados sin previo aviso, respet\u00e1ndose siempre el precio confirmado en el momento de la reserva.<\/p><hr data-start=\"1406\" data-end=\"1409\" \/><h2 data-section-id=\"18b1zmz\" data-start=\"1411\" data-end=\"1435\">4. Fianza obligatoria<\/h2><p data-start=\"1437\" data-end=\"1560\">Para alquilar cualquier peluca ser\u00e1 obligatorio abonar una <strong data-start=\"1496\" data-end=\"1516\">fianza adicional<\/strong>, cuyo importe se indicar\u00e1 en cada producto.<\/p><p data-start=\"1562\" data-end=\"1572\">La fianza:<\/p><ul data-start=\"1574\" data-end=\"1808\"><li data-section-id=\"1cotgg\" data-start=\"1574\" data-end=\"1619\">Se abonar\u00e1 junto con el pago del alquiler<\/li><li data-section-id=\"1wfxm3b\" data-start=\"1620\" data-end=\"1681\">Ser\u00e1 <strong data-start=\"1627\" data-end=\"1650\">devuelta al cliente<\/strong> tras la entrega de la peluca<\/li><li data-section-id=\"t3acle\" data-start=\"1682\" data-end=\"1808\">Solo se devolver\u00e1 si la peluca se entrega:<ul data-start=\"1729\" data-end=\"1808\"><li data-section-id=\"1ojl61k\" data-start=\"1729\" data-end=\"1753\">En la fecha acordada<\/li><li data-section-id=\"k4wdiv\" data-start=\"1756\" data-end=\"1774\">En buen estado<\/li><li data-section-id=\"fyzabw\" data-start=\"1777\" data-end=\"1808\">Sin da\u00f1os ni modificaciones<\/li><\/ul><\/li><\/ul><p data-start=\"1810\" data-end=\"1821\">En caso de:<\/p><ul data-start=\"1823\" data-end=\"1892\"><li data-section-id=\"1nqlh7k\" data-start=\"1823\" data-end=\"1832\">Da\u00f1os<\/li><li data-section-id=\"kblvwr\" data-start=\"1833\" data-end=\"1844\">P\u00e9rdida<\/li><li data-section-id=\"1i1x2fl\" data-start=\"1845\" data-end=\"1858\">Deterioro<\/li><li data-section-id=\"frlfgv\" data-start=\"1859\" data-end=\"1892\">Modificaciones no autorizadas<\/li><\/ul><p data-start=\"1894\" data-end=\"1954\">La empresa podr\u00e1 <strong data-start=\"1911\" data-end=\"1953\">retener total o parcialmente la fianza<\/strong>.<\/p><p data-start=\"1956\" data-end=\"2057\">Si los da\u00f1os superan el importe de la fianza, el cliente deber\u00e1 abonar la diferencia correspondiente.<\/p><hr data-start=\"2059\" data-end=\"2062\" \/><h2 data-section-id=\"ot82sd\" data-start=\"2064\" data-end=\"2091\">5. Duraci\u00f3n del alquiler<\/h2><p data-start=\"2093\" data-end=\"2144\">El per\u00edodo de alquiler se acordar\u00e1 en cada reserva.<\/p><p data-start=\"2146\" data-end=\"2221\">El cliente se compromete a devolver la peluca dentro del plazo establecido.<\/p><p data-start=\"2223\" data-end=\"2242\">En caso de retraso:<\/p><ul data-start=\"2244\" data-end=\"2357\"><li data-section-id=\"1u952ec\" data-start=\"2244\" data-end=\"2307\">Podr\u00e1n aplicarse cargos adicionales por cada d\u00eda de retraso<\/li><li data-section-id=\"1ktj1k9\" data-start=\"2308\" data-end=\"2357\">Dichos cargos podr\u00e1n descontarse de la fianza<\/li><\/ul><hr data-start=\"2359\" data-end=\"2362\" \/><h2 data-section-id=\"1vix8m4\" data-start=\"2364\" data-end=\"2390\">6. Entrega y devoluci\u00f3n<\/h2><p data-start=\"2392\" data-end=\"2462\">La entrega y devoluci\u00f3n se realizar\u00e1 seg\u00fan lo acordado con el cliente.<\/p><p data-start=\"2464\" data-end=\"2492\">La peluca deber\u00e1 devolverse:<\/p><ul data-start=\"2494\" data-end=\"2625\"><li data-section-id=\"1ds7gog\" data-start=\"2494\" data-end=\"2544\">En las mismas condiciones en que fue entregada<\/li><li data-section-id=\"1dzca8k\" data-start=\"2545\" data-end=\"2558\">Sin da\u00f1os<\/li><li data-section-id=\"140hphf\" data-start=\"2559\" data-end=\"2581\">Sin modificaciones<\/li><li data-section-id=\"13nnngh\" data-start=\"2582\" data-end=\"2625\">Con todos sus accesorios si los tuviera<\/li><\/ul><p data-start=\"2627\" data-end=\"2717\">La empresa revisar\u00e1 el estado del producto antes de proceder a la devoluci\u00f3n de la fianza.<\/p><hr data-start=\"2719\" data-end=\"2722\" \/><h2 data-section-id=\"a3cui3\" data-start=\"2724\" data-end=\"2757\">7. Uso adecuado de las pelucas<\/h2><p data-start=\"2759\" data-end=\"2786\">El cliente se compromete a:<\/p><ul data-start=\"2788\" data-end=\"3025\"><li data-section-id=\"1eke57v\" data-start=\"2788\" data-end=\"2828\">Utilizar la peluca de forma adecuada<\/li><li data-section-id=\"e32z8z\" data-start=\"2829\" data-end=\"2872\">No cortar, te\u00f1ir ni modificar la peluca<\/li><li data-section-id=\"13303zu\" data-start=\"2873\" data-end=\"2917\">No utilizar productos que puedan da\u00f1arla<\/li><li data-section-id=\"2c5bou\" data-start=\"2918\" data-end=\"2962\">No exponerla a fuentes de calor excesivo<\/li><li data-section-id=\"e2q5dw\" data-start=\"2963\" data-end=\"3025\">Mantener la peluca en condiciones adecuadas durante el uso<\/li><\/ul><p data-start=\"3027\" data-end=\"3113\">Cualquier modificaci\u00f3n no autorizada supondr\u00e1 la p\u00e9rdida total o parcial de la fianza.<\/p><hr data-start=\"3115\" data-end=\"3118\" \/><h2 data-section-id=\"1c59fmx\" data-start=\"3120\" data-end=\"3139\">8. Cancelaciones<\/h2><p data-start=\"3141\" data-end=\"3205\">Las cancelaciones deber\u00e1n comunicarse con antelaci\u00f3n suficiente.<\/p><p data-start=\"3207\" data-end=\"3230\">En caso de cancelaci\u00f3n:<\/p><ul data-start=\"3232\" data-end=\"3422\"><li data-section-id=\"y7fliw\" data-start=\"3232\" data-end=\"3326\">Podr\u00e1 aplicarse la devoluci\u00f3n total o parcial del importe abonado seg\u00fan el tiempo de aviso<\/li><li data-section-id=\"wewuo3\" data-start=\"3327\" data-end=\"3422\">Cancelaciones realizadas con poca antelaci\u00f3n podr\u00e1n implicar la p\u00e9rdida del importe abonado<\/li><\/ul><p data-start=\"3424\" data-end=\"3487\">(Este apartado puede ajustarse si deseas fijar d\u00edas concretos.)<\/p><hr data-start=\"3489\" data-end=\"3492\" \/><h2 data-section-id=\"qxubmi\" data-start=\"3494\" data-end=\"3515\">9. Responsabilidad<\/h2><p data-start=\"3517\" data-end=\"3554\">La empresa no se hace responsable de:<\/p><ul data-start=\"3556\" data-end=\"3721\"><li data-section-id=\"10mrh4m\" data-start=\"3556\" data-end=\"3612\">Da\u00f1os ocasionados por el uso incorrecto de la peluca<\/li><li data-section-id=\"qjpbfa\" data-start=\"3613\" data-end=\"3655\">Reacciones al\u00e9rgicas derivadas del uso<\/li><li data-section-id=\"1v4dv1l\" data-start=\"3656\" data-end=\"3721\">Da\u00f1os ocasionados por terceros durante el per\u00edodo de alquiler<\/li><\/ul><p data-start=\"3723\" data-end=\"3822\">El cliente ser\u00e1 responsable del cuidado del producto durante el tiempo que lo tenga en su posesi\u00f3n.<\/p><hr data-start=\"3824\" data-end=\"3827\" \/><h2 data-section-id=\"6ewpwy\" data-start=\"3829\" data-end=\"3859\">10. Higiene y mantenimiento<\/h2><p data-start=\"3861\" data-end=\"3891\">Todas las pelucas se entregan:<\/p><ul data-start=\"3893\" data-end=\"3945\"><li data-section-id=\"1sd3g17\" data-start=\"3893\" data-end=\"3904\">Limpias<\/li><li data-section-id=\"1hpp55w\" data-start=\"3905\" data-end=\"3918\">Revisadas<\/li><li data-section-id=\"1d0bt92\" data-start=\"3919\" data-end=\"3945\">Preparadas para su uso<\/li><\/ul><p data-start=\"3947\" data-end=\"4059\">El cliente deber\u00e1 mantener un uso adecuado y respetar las condiciones higi\u00e9nicas durante el per\u00edodo de alquiler.<\/p><hr data-start=\"4061\" data-end=\"4064\" \/><h2 data-section-id=\"1dbbg8f\" data-start=\"4066\" data-end=\"4092\">11. Protecci\u00f3n de datos<\/h2><p data-start=\"4094\" data-end=\"4325\">Los datos personales facilitados por los clientes ser\u00e1n tratados con confidencialidad y utilizados \u00fanicamente para la gesti\u00f3n de reservas y contacto con el cliente, conforme a la normativa vigente en materia de protecci\u00f3n de datos.<\/p><hr data-start=\"4327\" data-end=\"4330\" \/><h2 data-section-id=\"1i9q3tc\" data-start=\"4332\" data-end=\"4368\">12. Aceptaci\u00f3n de las condiciones<\/h2><p data-start=\"4370\" data-end=\"4477\">La realizaci\u00f3n de una reserva o alquiler implica la <strong data-start=\"4422\" data-end=\"4444\">aceptaci\u00f3n \u00edntegra<\/strong> de estos T\u00e9rminos y Condiciones.<\/p><hr data-start=\"4479\" data-end=\"4482\" \/><h2 data-section-id=\"1dha7xi\" data-start=\"4484\" data-end=\"4499\">13. Contacto<\/h2><p data-start=\"4501\" data-end=\"4547\">Para cualquier consulta, reserva o incidencia:<\/p><p data-start=\"4549\" data-end=\"4616\">\ud83d\udcde <strong data-start=\"4552\" data-end=\"4565\">Tel\u00e9fono:<\/strong> 658 798 986<br data-start=\"4577\" data-end=\"4580\" \/>\ud83d\udce7 <strong data-start=\"4583\" data-end=\"4593\">Email:<\/strong> <a class=\"decorated-link cursor-pointer\" rel=\"noopener\" data-start=\"4594\" data-end=\"4614\">pacamakeup@gmail.com<\/a><\/p><p data-start=\"4618\" data-end=\"4678\">Tambi\u00e9n puedes contactar directamente mediante estos medios.<\/p>\t\t\t\t\t\t\t\t<\/div>\n\t\t\t\t\t<\/div>\n\t\t\t\t<\/div>\n\t\t\t\t<\/div>\n\t\t","protected":false},"excerpt":{"rendered":"<p>T\u00c9RMINOS Y CONDICIONES DE ALQUILER PACANAVARRO.COM\u00a0 1. Identificaci\u00f3n del titular En cumplimiento de la normativa vigente, se informa que el presente sitio web www.pacanavarro.com ofrece servicios de alquiler de pelucas bajo la titularidad de: Nombre comercial: Paca NavarroTel\u00e9fono: 658 798 986Correo electr\u00f3nico: pacamakeup@gmail.com Para cualquier consulta, tambi\u00e9n puedes contactar directamente mediante los datos indicados anteriormente. [&hellip;]<\/p>\n","protected":false},"author":2,"featured_media":0,"parent":0,"menu_order":0,"comment_status":"closed","ping_status":"closed","template":"","meta":{"_joinchat":[],"footnotes":""},"class_list":["post-4764","page","type-page","status-publish","hentry"],"_links":{"self":[{"href":"https:\/\/pacanavarro.adrirodrigom8.es\/es\/wp-json\/wp\/v2\/pages\/4764","targetHints":{"allow":["GET"]}}],"collection":[{"href":"https:\/\/pacanavarro.adrirodrigom8.es\/es\/wp-json\/wp\/v2\/pages"}],"about":[{"href":"https:\/\/pacanavarro.adrirodrigom8.es\/es\/wp-json\/wp\/v2\/types\/page"}],"author":[{"embeddable":true,"href":"https:\/\/pacanavarro.adrirodrigom8.es\/es\/wp-json\/wp\/v2\/users\/2"}],"replies":[{"embeddable":true,"href":"https:\/\/pacanavarro.adrirodrigom8.es\/es\/wp-json\/wp\/v2\/comments?post=4764"}],"version-history":[{"count":4,"href":"https:\/\/pacanavarro.adrirodrigom8.es\/es\/wp-json\/wp\/v2\/pages\/4764\/revisions"}],"predecessor-version":[{"id":4768,"href":"https:\/\/pacanavarro.adrirodrigom8.es\/es\/wp-json\/wp\/v2\/pages\/4764\/revisions\/4768"}],"wp:attachment":[{"href":"https:\/\/pacanavarro.adrirodrigom8.es\/es\/wp-json\/wp\/v2\/media?parent=4764"}],"curies":[{"name":"wp","href":"https:\/\/api.w.org\/{rel}","templated":true}]}}